{"id":1467,"date":"2021-02-16T15:51:02","date_gmt":"2021-02-16T14:51:02","guid":{"rendered":"https:\/\/cadvi.gl\/?page_id=1467"},"modified":"2021-02-16T15:59:13","modified_gmt":"2021-02-16T14:59:13","slug":"privatlivspolitik","status":"publish","type":"page","link":"https:\/\/cadvi.gl\/en\/privatlivspolitik\/","title":{"rendered":"privatlivspolitik"},"content":{"rendered":"<div data-elementor-type=\"wp-page\" data-elementor-id=\"1467\" class=\"elementor elementor-1467\" data-elementor-post-type=\"page\">\n\t\t\t\t\t\t<section class=\"elementor-section elementor-top-section elementor-element elementor-element-5fa37df elementor-section-boxed elementor-section-height-default elementor-section-height-default\" data-id=\"5fa37df\" data-element_type=\"section\">\n\t\t\t\t\t\t<div class=\"elementor-container elementor-column-gap-default\">\n\t\t\t\t\t<div class=\"elementor-column elementor-col-100 elementor-top-column elementor-element elementor-element-6bdc5c0\" data-id=\"6bdc5c0\" data-element_type=\"column\">\n\t\t\t<div class=\"elementor-widget-wrap elementor-element-populated\">\n\t\t\t\t\t\t<div class=\"elementor-element elementor-element-e479bba elementor-widget elementor-widget-spacer\" data-id=\"e479bba\" data-element_type=\"widget\" data-widget_type=\"spacer.default\">\n\t\t\t\t<div class=\"elementor-widget-container\">\n\t\t\t\t\t\t\t<div class=\"elementor-spacer\">\n\t\t\t<div class=\"elementor-spacer-inner\"><\/div>\n\t\t<\/div>\n\t\t\t\t\t\t<\/div>\n\t\t\t\t<\/div>\n\t\t\t\t<div class=\"elementor-element elementor-element-5d22020 elementor-widget elementor-widget-heading\" data-id=\"5d22020\" data-element_type=\"widget\" data-widget_type=\"heading.default\">\n\t\t\t\t<div class=\"elementor-widget-container\">\n\t\t\t\t\t<h1 class=\"elementor-heading-title elementor-size-default\">Privatlivspolitik<\/h1>\t\t\t\t<\/div>\n\t\t\t\t<\/div>\n\t\t\t\t<div class=\"elementor-element elementor-element-c312b88 elementor-widget elementor-widget-heading\" data-id=\"c312b88\" data-element_type=\"widget\" data-widget_type=\"heading.default\">\n\t\t\t\t<div class=\"elementor-widget-container\">\n\t\t\t\t\t<h2 class=\"elementor-heading-title elementor-size-default\">Omkring vores brug<\/h2>\t\t\t\t<\/div>\n\t\t\t\t<\/div>\n\t\t\t\t<div class=\"elementor-element elementor-element-c4bb8ac elementor-widget elementor-widget-text-editor\" data-id=\"c4bb8ac\" data-element_type=\"widget\" data-widget_type=\"text-editor.default\">\n\t\t\t\t<div class=\"elementor-widget-container\">\n\t\t\t\t\t\t\t\t\t<p>Denne cookiepolitik forklarer, hvad cookies er, og hvordan vi bruger dem, hvilke typer cookies vi bruger, dvs. de oplysninger, vi indsamler ved hj\u00e6lp af cookies, og hvordan disse oplysninger bruges, og hvordan man styrer cookieindstillingerne. For yderligere oplysninger om, hvordan vi bruger, opbevarer og opbevarer dine personlige data, se vores fortrolighedspolitik.<\/p><p>Du kan n\u00e5r som helst \u00e6ndre eller tr\u00e6kke dit samtykke fra cookiedeklarationen p\u00e5 vores websted<\/p><p>L\u00e6r mere om, hvem vi er, hvordan du kan kontakte os, og hvordan vi behandler personoplysninger i vores fortrolighedspolitik.<\/p>\t\t\t\t\t\t\t\t<\/div>\n\t\t\t\t<\/div>\n\t\t\t\t<div class=\"elementor-element elementor-element-fcc3cd7 elementor-widget elementor-widget-heading\" data-id=\"fcc3cd7\" data-element_type=\"widget\" data-widget_type=\"heading.default\">\n\t\t\t\t<div class=\"elementor-widget-container\">\n\t\t\t\t\t<h2 class=\"elementor-heading-title elementor-size-default\">Hvad er cookies?<\/h2>\t\t\t\t<\/div>\n\t\t\t\t<\/div>\n\t\t\t\t<div class=\"elementor-element elementor-element-07c284e elementor-widget elementor-widget-text-editor\" data-id=\"07c284e\" data-element_type=\"widget\" data-widget_type=\"text-editor.default\">\n\t\t\t\t<div class=\"elementor-widget-container\">\n\t\t\t\t\t\t\t\t\t<p>Cookies er sm\u00e5 tekstfiler, der bruges til at gemme sm\u00e5 informationer. De gemmes p\u00e5 din enhed, n\u00e5r webstedet indl\u00e6ses i din browser. Disse cookies hj\u00e6lper os med at f\u00e5 webstedet til at fungere korrekt, g\u00f8re det mere sikkert, give bedre brugeroplevelse og forst\u00e5, hvordan webstedet fungerer, og til at analysere, hvad der fungerer, og hvor det skal forbedres.<\/p>\t\t\t\t\t\t\t\t<\/div>\n\t\t\t\t<\/div>\n\t\t\t\t<div class=\"elementor-element elementor-element-b80484e elementor-widget elementor-widget-heading\" data-id=\"b80484e\" data-element_type=\"widget\" data-widget_type=\"heading.default\">\n\t\t\t\t<div class=\"elementor-widget-container\">\n\t\t\t\t\t<h2 class=\"elementor-heading-title elementor-size-default\">Hvordan vi bruger dem<\/h2>\t\t\t\t<\/div>\n\t\t\t\t<\/div>\n\t\t\t\t<div class=\"elementor-element elementor-element-0e53932 elementor-widget elementor-widget-text-editor\" data-id=\"0e53932\" data-element_type=\"widget\" data-widget_type=\"text-editor.default\">\n\t\t\t\t<div class=\"elementor-widget-container\">\n\t\t\t\t\t\t\t\t\t<p>Som de fleste af onlinetjenesterne bruger vores hjemmeside f\u00f8rsteparts- og tredjepartscookies til flere form\u00e5l. F\u00f8rstepartscookies er for det meste n\u00f8dvendige for, at webstedet fungerer korrekt, og de indsamler ikke nogen af \u200b\u200bdine personligt identificerbare data.<\/p><p>Tredjepartscookies, der bruges p\u00e5 vores websted, er hovedsageligt til at forst\u00e5, hvordan webstedet fungerer, hvordan du interagerer med vores websted, holder vores tjenester sikre, leverer reklamer, der er relevante for dig, og alt i alt giver dig en bedre og forbedret bruger erfaring og hj\u00e6lp til at fremskynde dine fremtidige interaktioner med vores websted.<\/p>\t\t\t\t\t\t\t\t<\/div>\n\t\t\t\t<\/div>\n\t\t\t\t<div class=\"elementor-element elementor-element-3855ac9 elementor-widget elementor-widget-heading\" data-id=\"3855ac9\" data-element_type=\"widget\" data-widget_type=\"heading.default\">\n\t\t\t\t<div class=\"elementor-widget-container\">\n\t\t\t\t\t<h2 class=\"elementor-heading-title elementor-size-default\">Hvordan \u00e6ndrer jeg mine pr\u00e6ferencer?\u200b<\/h2>\t\t\t\t<\/div>\n\t\t\t\t<\/div>\n\t\t\t\t<div class=\"elementor-element elementor-element-83bb745 elementor-widget elementor-widget-text-editor\" data-id=\"83bb745\" data-element_type=\"widget\" data-widget_type=\"text-editor.default\">\n\t\t\t\t<div class=\"elementor-widget-container\">\n\t\t\t\t\t\t\t\t\t<p>Hvis du beslutter at \u00e6ndre dine pr\u00e6ferencer senere gennem din browsersession, kan du klikke p\u00e5 fanen &#8220;Privacy &amp; Cookie Policy&#8221; p\u00e5 din sk\u00e6rm. Dette viser meddelelsen om samtykke igen, s\u00e5 du kan \u00e6ndre dine pr\u00e6ferencer eller tr\u00e6kke dit samtykke helt tilbage.<\/p><p>Ud over dette giver forskellige browsere forskellige metoder til at blokere og slette cookies, der bruges af websteder. Du kan \u00e6ndre indstillingerne i din browser for at blokere \/ slette cookies. For at finde ud af mere om, hvordan du administrerer og sletter cookies, kan du bes\u00f8ge<\/p><p><a href=\"https:\/\/erhvervsstyrelsen.dk\/cookieregler\">HTTPS:\/\/ERHVERVSSTYRELSEN.DK\/COOKIEREGLER<\/a><\/p><p>[cookie_after_accept] Du har\u00a0<strong>accepteret<\/strong>\u00a0vores brug af dine cookies.\u00a0<br \/>\u00d8nsker du at tilbagetr\u00e6kke dit samtykke kan du slette vores brug af dine cookies her:\u00a0 [delete_cookies text=&#8221;slet cookies&#8221;] [\/cookie_after_accept]<\/p>\t\t\t\t\t\t\t\t<\/div>\n\t\t\t\t<\/div>\n\t\t\t\t\t<\/div>\n\t\t<\/div>\n\t\t\t\t\t<\/div>\n\t\t<\/section>\n\t\t\t\t<\/div>","protected":false},"excerpt":{"rendered":"<p>Privatlivspolitik Omkring vores brug Denne cookiepolitik forklarer, hvad cookies er, og hvordan vi bruger dem, hvilke typer cookies vi bruger, dvs. de oplysninger, vi indsamler ved hj\u00e6lp af cookies, og hvordan disse oplysninger bruges, og hvordan man styrer cookieindstillingerne. For yderligere oplysninger om, hvordan vi bruger, opbevarer og opbevarer dine personlige data, se vores fortrolighedspolitik. [&hellip;]<\/p>","protected":false},"author":1,"featured_media":0,"parent":0,"menu_order":0,"comment_status":"closed","ping_status":"closed","template":"","meta":{"footnotes":""},"class_list":["post-1467","page","type-page","status-publish","hentry"],"yoast_head":"<!-- This site is optimized with the Yoast SEO plugin v25.5 - https:\/\/yoast.com\/wordpress\/plugins\/seo\/ -->\n<title>privatlivspolitik - Cadvi<\/title>\n<meta name=\"robots\" content=\"noindex, nofollow\" \/>\n<meta property=\"og:locale\" content=\"en_GB\" \/>\n<meta property=\"og:type\" content=\"article\" \/>\n<meta property=\"og:title\" content=\"privatlivspolitik - Cadvi\" \/>\n<meta property=\"og:description\" content=\"Privatlivspolitik Omkring vores brug Denne cookiepolitik forklarer, hvad cookies er, og hvordan vi bruger dem, hvilke typer cookies vi bruger, dvs. de oplysninger, vi indsamler ved hj\u00e6lp af cookies, og hvordan disse oplysninger bruges, og hvordan man styrer cookieindstillingerne. For yderligere oplysninger om, hvordan vi bruger, opbevarer og opbevarer dine personlige data, se vores fortrolighedspolitik. [&hellip;]\" \/>\n<meta property=\"og:url\" content=\"https:\/\/cadvi.gl\/en\/privatlivspolitik\/\" \/>\n<meta property=\"og:site_name\" content=\"Cadvi\" \/>\n<meta property=\"article:modified_time\" content=\"2021-02-16T14:59:13+00:00\" \/>\n<meta name=\"twitter:card\" content=\"summary_large_image\" \/>\n<meta name=\"twitter:label1\" content=\"Estimated reading time\" \/>\n\t<meta name=\"twitter:data1\" content=\"2 minutes\" \/>\n<script type=\"application\/ld+json\" class=\"yoast-schema-graph\">{\"@context\":\"https:\/\/schema.org\",\"@graph\":[{\"@type\":\"WebPage\",\"@id\":\"https:\/\/cadvi.gl\/privatlivspolitik\/\",\"url\":\"https:\/\/cadvi.gl\/privatlivspolitik\/\",\"name\":\"privatlivspolitik - Cadvi\",\"isPartOf\":{\"@id\":\"https:\/\/cadvi.gl\/#website\"},\"datePublished\":\"2021-02-16T14:51:02+00:00\",\"dateModified\":\"2021-02-16T14:59:13+00:00\",\"breadcrumb\":{\"@id\":\"https:\/\/cadvi.gl\/privatlivspolitik\/#breadcrumb\"},\"inLanguage\":\"en-GB\",\"potentialAction\":[{\"@type\":\"ReadAction\",\"target\":[\"https:\/\/cadvi.gl\/privatlivspolitik\/\"]}]},{\"@type\":\"BreadcrumbList\",\"@id\":\"https:\/\/cadvi.gl\/privatlivspolitik\/#breadcrumb\",\"itemListElement\":[{\"@type\":\"ListItem\",\"position\":1,\"name\":\"Home\",\"item\":\"https:\/\/cadvi.gl\/\"},{\"@type\":\"ListItem\",\"position\":2,\"name\":\"privatlivspolitik\"}]},{\"@type\":\"WebSite\",\"@id\":\"https:\/\/cadvi.gl\/#website\",\"url\":\"https:\/\/cadvi.gl\/\",\"name\":\"Cadvi\",\"description\":\"Juridisk r\u00e5dgivning\",\"potentialAction\":[{\"@type\":\"SearchAction\",\"target\":{\"@type\":\"EntryPoint\",\"urlTemplate\":\"https:\/\/cadvi.gl\/?s={search_term_string}\"},\"query-input\":{\"@type\":\"PropertyValueSpecification\",\"valueRequired\":true,\"valueName\":\"search_term_string\"}}],\"inLanguage\":\"en-GB\"}]}<\/script>\n<!-- \/ Yoast SEO plugin. -->","yoast_head_json":{"title":"privatlivspolitik - Cadvi","robots":{"index":"noindex","follow":"nofollow"},"og_locale":"en_GB","og_type":"article","og_title":"privatlivspolitik - Cadvi","og_description":"Privatlivspolitik Omkring vores brug Denne cookiepolitik forklarer, hvad cookies er, og hvordan vi bruger dem, hvilke typer cookies vi bruger, dvs. de oplysninger, vi indsamler ved hj\u00e6lp af cookies, og hvordan disse oplysninger bruges, og hvordan man styrer cookieindstillingerne. For yderligere oplysninger om, hvordan vi bruger, opbevarer og opbevarer dine personlige data, se vores fortrolighedspolitik. [&hellip;]","og_url":"https:\/\/cadvi.gl\/en\/privatlivspolitik\/","og_site_name":"Cadvi","article_modified_time":"2021-02-16T14:59:13+00:00","twitter_card":"summary_large_image","twitter_misc":{"Estimated reading time":"2 minutes"},"schema":{"@context":"https:\/\/schema.org","@graph":[{"@type":"WebPage","@id":"https:\/\/cadvi.gl\/privatlivspolitik\/","url":"https:\/\/cadvi.gl\/privatlivspolitik\/","name":"privatlivspolitik - Cadvi","isPartOf":{"@id":"https:\/\/cadvi.gl\/#website"},"datePublished":"2021-02-16T14:51:02+00:00","dateModified":"2021-02-16T14:59:13+00:00","breadcrumb":{"@id":"https:\/\/cadvi.gl\/privatlivspolitik\/#breadcrumb"},"inLanguage":"en-GB","potentialAction":[{"@type":"ReadAction","target":["https:\/\/cadvi.gl\/privatlivspolitik\/"]}]},{"@type":"BreadcrumbList","@id":"https:\/\/cadvi.gl\/privatlivspolitik\/#breadcrumb","itemListElement":[{"@type":"ListItem","position":1,"name":"Home","item":"https:\/\/cadvi.gl\/"},{"@type":"ListItem","position":2,"name":"privatlivspolitik"}]},{"@type":"WebSite","@id":"https:\/\/cadvi.gl\/#website","url":"https:\/\/cadvi.gl\/","name":"Cadvi","description":"Legal advice","potentialAction":[{"@type":"SearchAction","target":{"@type":"EntryPoint","urlTemplate":"https:\/\/cadvi.gl\/?s={search_term_string}"},"query-input":{"@type":"PropertyValueSpecification","valueRequired":true,"valueName":"search_term_string"}}],"inLanguage":"en-GB"}]}},"_links":{"self":[{"href":"https:\/\/cadvi.gl\/en\/wp-json\/wp\/v2\/pages\/1467","targetHints":{"allow":["GET"]}}],"collection":[{"href":"https:\/\/cadvi.gl\/en\/wp-json\/wp\/v2\/pages"}],"about":[{"href":"https:\/\/cadvi.gl\/en\/wp-json\/wp\/v2\/types\/page"}],"author":[{"embeddable":true,"href":"https:\/\/cadvi.gl\/en\/wp-json\/wp\/v2\/users\/1"}],"replies":[{"embeddable":true,"href":"https:\/\/cadvi.gl\/en\/wp-json\/wp\/v2\/comments?post=1467"}],"version-history":[{"count":0,"href":"https:\/\/cadvi.gl\/en\/wp-json\/wp\/v2\/pages\/1467\/revisions"}],"wp:attachment":[{"href":"https:\/\/cadvi.gl\/en\/wp-json\/wp\/v2\/media?parent=1467"}],"curies":[{"name":"wp","href":"https:\/\/api.w.org\/{rel}","templated":true}]}}